{"id":4,"date":"2017-01-02T19:46:02","date_gmt":"2017-01-02T18:46:02","guid":{"rendered":"http:\/\/www.ibea-online.com\/?page_id=4"},"modified":"2022-08-21T15:29:50","modified_gmt":"2022-08-21T13:29:50","slug":"startseite","status":"publish","type":"page","link":"https:\/\/www.ibea-online.de\/","title":{"rendered":"Leistungen"},"content":{"rendered":"<h4><strong>Bauplanung seit 1994 in den Bereichen:<\/strong><\/h4>\n<p><strong>-Objektplanung<\/strong><br \/>\nvom Entwurf \u00fcber Bauantrag bis Ausf\u00fchrung<\/p>\n<p><strong>-Tragwerksplanung<\/strong><br \/>\nim Hoch-, Gewerbe- und Industriebau<br \/>\nStatische Berechnungen im Bereich Massiv-, Stahl-, Holzbau<br \/>\nSchal- und Bewehrungspl\u00e4ne, Konstruktions- und Detailpl\u00e4ne<br \/>\nAbbruchplanung<\/p>\n<p><strong>&#8211; Schallschutz<\/strong><br \/>\nBaurechtliche Schallschutznachweise<br \/>\nSchallprognosen<\/p>\n<p><strong>-W\u00e4rmeschutz<\/strong><br \/>\nKonzeptentwicklung f\u00fcr Anlagentechnik und Geb\u00e4udeh\u00fclle<br \/>\nBaurechtlichen W\u00e4rmeschutznachweise<br \/>\nEnergieausweise<br \/>\nW\u00e4rmebr\u00fcckenberechnung<\/p>\n<p><strong>-Qualit\u00e4tssicherung<\/strong><br \/>\nStichprobenkontrollen Schall- \/ W\u00e4rmeschutz<br \/>\nBauleitung<br \/>\nGutachterliche Stellungnahmen<\/p>","protected":false},"excerpt":{"rendered":"<p>Bauplanung seit 1994 in den Bereichen: -Objektplanung vom Entwurf \u00fcber Bauantrag bis Ausf\u00fchrung -Tragwerksplanung im Hoch-, Gewerbe- und Industriebau Statische Berechnungen im Bereich Massiv-, Stahl-, Holzbau Schal- und Bewehrungspl\u00e4ne, Konstruktions- und Detailpl\u00e4ne Abbruchplanung &#8211; Schallschutz Baurechtliche Schallschutznachweise Schallprognosen -W\u00e4rmeschutz Konzeptentwicklung f\u00fcr Anlagentechnik und Geb\u00e4udeh\u00fclle Baurechtlichen W\u00e4rmeschutznachweise Energieausweise W\u00e4rmebr\u00fcckenberechnung -Qualit\u00e4tssicherung Stichprobenkontrollen Schall- \/ W\u00e4rmeschutz Bauleitung Gutachterliche &hellip; <\/p>\n<p class=\"link-more\"><a href=\"https:\/\/www.ibea-online.de\/\" class=\"more-link\"><span class=\"screen-reader-text\">\u201eLeistungen\u201c<\/span> weiterlesen<\/a><\/p>\n","protected":false},"author":1,"featured_media":0,"parent":0,"menu_order":0,"comment_status":"closed","ping_status":"closed","template":"","meta":{"footnotes":""},"_links":{"self":[{"href":"https:\/\/www.ibea-online.de\/index.php?rest_route=\/wp\/v2\/pages\/4"}],"collection":[{"href":"https:\/\/www.ibea-online.de\/index.php?rest_route=\/wp\/v2\/pages"}],"about":[{"href":"https:\/\/www.ibea-online.de\/index.php?rest_route=\/wp\/v2\/types\/page"}],"author":[{"embeddable":true,"href":"https:\/\/www.ibea-online.de\/index.php?rest_route=\/wp\/v2\/users\/1"}],"replies":[{"embeddable":true,"href":"https:\/\/www.ibea-online.de\/index.php?rest_route=%2Fwp%2Fv2%2Fcomments&post=4"}],"version-history":[{"count":18,"href":"https:\/\/www.ibea-online.de\/index.php?rest_route=\/wp\/v2\/pages\/4\/revisions"}],"predecessor-version":[{"id":394,"href":"https:\/\/www.ibea-online.de\/index.php?rest_route=\/wp\/v2\/pages\/4\/revisions\/394"}],"wp:attachment":[{"href":"https:\/\/www.ibea-online.de\/index.php?rest_route=%2Fwp%2Fv2%2Fmedia&parent=4"}],"curies":[{"name":"wp","href":"https:\/\/api.w.org\/{rel}","templated":true}]}}