{"id":6,"date":"2017-01-02T19:46:02","date_gmt":"2017-01-02T18:46:02","guid":{"rendered":"http:\/\/www.ibea-online.com\/?page_id=6"},"modified":"2021-04-18T13:52:23","modified_gmt":"2021-04-18T11:52:23","slug":"kontakt","status":"publish","type":"page","link":"https:\/\/www.ibea-online.de\/?page_id=6","title":{"rendered":"Kontakt"},"content":{"rendered":"<p>IBEA Ingenieurb\u00fcro f\u00fcr Bauplanung<br \/>\nDipl.-Ing. Lutz H\u00fcnerkopf &amp; Manfred Lutz GbR<br \/>\nBr\u00fcckenstra\u00dfe 5<br \/>\nD-52 385 Nideggen<br \/>\nTelefon B\u00fcro <strong>Nideggen<\/strong>: +49 (0) 24 25 \/ 90 98 480<\/p>\n<p>IBEA Ingenieurb\u00fcro f\u00fcr Bauplanung<br \/>\nDipl.-Ing. Lutz H\u00fcnerkopf &amp; Manfred Lutz GbR<br \/>\nSechtemer Weg 1<br \/>\n50354 H\u00fcrth-Mitte<br \/>\nTelefon B\u00fcro <strong>H\u00fcrth<\/strong>:\u00a0\u00a0\u00a0\u00a0\u00a0\u00a0\u00a0\u00a0\u00a0\u00a0 +49 (0) 22 33 \/ 39 170 69<br \/>\nTelefax: \u00a0 \u00a0 \u00a0 \u00a0 \u00a0 \u00a0 \u00a0 \u00a0 \u00a0 \u00a0 \u00a0 \u00a0 \u00a0 \u00a0 \u00a0\u00a0\u00a0\u00a0\u00a0\u00a0\u00a0\u00a0\u00a0\u00a0 +49 (0) 22 33 \/ 39 170 59<\/p>\n<p><strong>E-Mail:\u00a0\u00a0<\/strong>\u00a0\u00a0\u00a0\u00a0\u00a0\u00a0\u00a0\u00a0\u00a0\u00a0\u00a0\u00a0\u00a0\u00a0\u00a0\u00a0\u00a0\u00a0\u00a0\u00a0\u00a0\u00a0\u00a0\u00a0\u00a0\u00a0\u00a0\u00a0\u00a0\u00a0\u00a0\u00a0\u00a0\u00a0\u00a0\u00a0\u00a0\u00a0\u00a0 <a href=\"mailto:info@ibea-online.de?subject=%20Ihre%20Anfrage%20an%20IBEA\">info@ibea-online.de<\/a><\/p>","protected":false},"excerpt":{"rendered":"<p>IBEA Ingenieurb\u00fcro f\u00fcr Bauplanung Dipl.-Ing. Lutz H\u00fcnerkopf &amp; Manfred Lutz GbR Br\u00fcckenstra\u00dfe 5 D-52 385 Nideggen Telefon B\u00fcro Nideggen: +49 (0) 24 25 \/ 90 98 480 IBEA Ingenieurb\u00fcro f\u00fcr Bauplanung Dipl.-Ing. Lutz H\u00fcnerkopf &amp; Manfred Lutz GbR Sechtemer Weg 1 50354 H\u00fcrth-Mitte Telefon B\u00fcro H\u00fcrth:\u00a0\u00a0\u00a0\u00a0\u00a0\u00a0\u00a0\u00a0\u00a0\u00a0 +49 (0) 22 33 \/ 39 170 69 Telefax: &hellip; <\/p>\n<p class=\"link-more\"><a href=\"https:\/\/www.ibea-online.de\/?page_id=6\" class=\"more-link\"><span class=\"screen-reader-text\">\u201eKontakt\u201c<\/span> weiterlesen<\/a><\/p>\n","protected":false},"author":1,"featured_media":102,"parent":0,"menu_order":0,"comment_status":"closed","ping_status":"closed","template":"","meta":{"footnotes":""},"_links":{"self":[{"href":"https:\/\/www.ibea-online.de\/index.php?rest_route=\/wp\/v2\/pages\/6"}],"collection":[{"href":"https:\/\/www.ibea-online.de\/index.php?rest_route=\/wp\/v2\/pages"}],"about":[{"href":"https:\/\/www.ibea-online.de\/index.php?rest_route=\/wp\/v2\/types\/page"}],"author":[{"embeddable":true,"href":"https:\/\/www.ibea-online.de\/index.php?rest_route=\/wp\/v2\/users\/1"}],"replies":[{"embeddable":true,"href":"https:\/\/www.ibea-online.de\/index.php?rest_route=%2Fwp%2Fv2%2Fcomments&post=6"}],"version-history":[{"count":10,"href":"https:\/\/www.ibea-online.de\/index.php?rest_route=\/wp\/v2\/pages\/6\/revisions"}],"predecessor-version":[{"id":386,"href":"https:\/\/www.ibea-online.de\/index.php?rest_route=\/wp\/v2\/pages\/6\/revisions\/386"}],"wp:featuredmedia":[{"embeddable":true,"href":"https:\/\/www.ibea-online.de\/index.php?rest_route=\/wp\/v2\/media\/102"}],"wp:attachment":[{"href":"https:\/\/www.ibea-online.de\/index.php?rest_route=%2Fwp%2Fv2%2Fmedia&parent=6"}],"curies":[{"name":"wp","href":"https:\/\/api.w.org\/{rel}","templated":true}]}}